{"id":12,"date":"2025-12-28T10:18:14","date_gmt":"2025-12-28T10:18:14","guid":{"rendered":"https:\/\/azimutexpertises.fr\/?page_id=12"},"modified":"2025-12-28T17:15:04","modified_gmt":"2025-12-28T17:15:04","slug":"accueil","status":"publish","type":"page","link":"https:\/\/azimutexpertises.fr\/","title":{"rendered":"ACCUEIL"},"content":{"rendered":"\n<h2 class=\"wp-block-heading has-theme-palette-1-color has-text-color has-link-color has-large-font-size wp-elements-3af833a1a6e6fc05389acb4533b73a2d\">Ca peut vous int\u00e9resser&#8230;<\/h2>\n\n\n<style>.kadence-column12_adbb94-59 > .kt-inside-inner-col,.kadence-column12_adbb94-59 > .kt-inside-inner-col:before{border-top-left-radius:0px;border-top-right-radius:0px;border-bottom-right-radius:0px;border-bottom-left-radius:0px;}.kadence-column12_adbb94-59 > .kt-inside-inner-col{column-gap:var(--global-kb-gap-sm, 1rem);}.kadence-column12_adbb94-59 > .kt-inside-inner-col{flex-direction:column;}.kadence-column12_adbb94-59 > .kt-inside-inner-col > .aligncenter{width:100%;}.kadence-column12_adbb94-59 > .kt-inside-inner-col:before{opacity:0.3;}.kadence-column12_adbb94-59{position:relative;}@media all and (max-width: 1024px){.kadence-column12_adbb94-59 > .kt-inside-inner-col{flex-direction:column;justify-content:center;}}@media all and (max-width: 767px){.kadence-column12_adbb94-59 > .kt-inside-inner-col{flex-direction:column;justify-content:center;}}<\/style>\n<div class=\"wp-block-kadence-column kadence-column12_adbb94-59\"><div class=\"kt-inside-inner-col\"><style>.kb-posts-id-12_84f3c6-97 .kb-post-list-item{display:grid;}<\/style><ul class=\"wp-block-kadence-posts kb-posts kadence-posts-list kb-posts-id-12_84f3c6-97 content-wrap grid-cols kb-posts-style-boxed grid-sm-col-2 grid-lg-col-3 item-image-style-above\"><li class=\"kb-post-list-item\">\n\t<article class=\"entry content-bg loop-entry post-95 post type-post status-publish format-standard hentry category-uncategorized\">\n\t\t\t\t<div class=\"entry-content-wrap\">\n\t\t\t<header class=\"entry-header\">\n\t\t<div class=\"entry-taxonomies\">\n\t\t<span class=\"category-links term-links category-style-normal\">\n\t\t\t<a href=\"https:\/\/azimutexpertises.fr\/index.php\/category\/uncategorized\/\" class=\"category-link-uncategorized\" rel=\"tag\">Uncategorized<\/a>\t\t<\/span>\n\t<\/div><!-- .entry-taxonomies -->\n\t<h2 class=\"entry-title\"><a href=\"https:\/\/azimutexpertises.fr\/index.php\/2025\/12\/28\/flash-juridique-sante-au-travail\/\" rel=\"bookmark\">Flash Juridique &#8211; Sant\u00e9 au travail<\/a><\/h2>\t<div class=\"entry-meta entry-meta-divider-dot\">\n\t\t\t\t<span class=\"posted-on\">\n\t\t\t\t<time class=\"entry-date published updated\" datetime=\"2025-12-28T16:45:32+00:00\">28\/12\/2025<\/time>\t\t\t<\/span>\n\t\t\t\t<\/div><!-- .entry-meta -->\n\t<\/header><!-- .entry-header -->\n\t<div class=\"entry-summary\">\n\t\t<p>La responsabilit\u00e9 de l\u2019employeur confirm\u00e9e par la Cour de cassation Cour de cassation \u2013 chambre sociale, 1er juin 2022, n\u00b0 20-22.058 La Cour de cassation rappelle que l\u2019employeur engage sa responsabilit\u00e9 lorsqu\u2019il ne met pas en \u0153uvre des mesures suffisantes pour prot\u00e9ger la sant\u00e9 physique et mentale des salari\u00e9s, notamment en mati\u00e8re de risques psychosociaux&#8230;.<\/p>\n\t<\/div><!-- .entry-summary -->\n\t<footer class=\"entry-footer\">\n\t\t\t<div class=\"entry-actions\">\n\t\t\t<p class=\"more-link-wrap\">\n\t\t\t\t<a href=\"https:\/\/azimutexpertises.fr\/index.php\/2025\/12\/28\/flash-juridique-sante-au-travail\/\" class=\"post-more-link\">\n\t\t\t\t\tLire la suite<span class=\"screen-reader-text\"> Flash Juridique &#8211; Sant\u00e9 au travail<\/span><span class=\"kadence-svg-iconset svg-baseline\"><svg aria-hidden=\"true\" class=\"kadence-svg-icon kadence-arrow-right-alt-svg\" fill=\"currentColor\" version=\"1.1\" xmlns=\"http:\/\/www.w3.org\/2000\/svg\" width=\"27\" height=\"28\" viewBox=\"0 0 27 28\"><title>Continuer<\/title><path d=\"M27 13.953c0 0.141-0.063 0.281-0.156 0.375l-6 5.531c-0.156 0.141-0.359 0.172-0.547 0.094-0.172-0.078-0.297-0.25-0.297-0.453v-3.5h-19.5c-0.281 0-0.5-0.219-0.5-0.5v-3c0-0.281 0.219-0.5 0.5-0.5h19.5v-3.5c0-0.203 0.109-0.375 0.297-0.453s0.391-0.047 0.547 0.078l6 5.469c0.094 0.094 0.156 0.219 0.156 0.359v0z\"><\/path>\n\t\t\t<\/svg><\/span>\t\t\t\t<\/a>\n\t\t\t<\/p>\n\t\t<\/div><!-- .entry-actions -->\n\t\t<\/footer><!-- .entry-footer -->\t\t<\/div>\n\t<\/article>\n<\/li>\n<li class=\"kb-post-list-item\">\n\t<article class=\"entry content-bg loop-entry post-93 post type-post status-publish format-standard hentry category-uncategorized\">\n\t\t\t\t<div class=\"entry-content-wrap\">\n\t\t\t<header class=\"entry-header\">\n\t\t<div class=\"entry-taxonomies\">\n\t\t<span class=\"category-links term-links category-style-normal\">\n\t\t\t<a href=\"https:\/\/azimutexpertises.fr\/index.php\/category\/uncategorized\/\" class=\"category-link-uncategorized\" rel=\"tag\">Uncategorized<\/a>\t\t<\/span>\n\t<\/div><!-- .entry-taxonomies -->\n\t<h2 class=\"entry-title\"><a href=\"https:\/\/azimutexpertises.fr\/index.php\/2025\/12\/28\/la-consultation-du-cse-et-lia\/\" rel=\"bookmark\">La consultation du CSE et l&rsquo;IA<\/a><\/h2>\t<div class=\"entry-meta entry-meta-divider-dot\">\n\t\t\t\t<span class=\"posted-on\">\n\t\t\t\t<time class=\"entry-date published updated\" datetime=\"2025-12-28T16:43:07+00:00\">28\/12\/2025<\/time>\t\t\t<\/span>\n\t\t\t\t<\/div><!-- .entry-meta -->\n\t<\/header><!-- .entry-header -->\n\t<div class=\"entry-summary\">\n\t\t<p>L\u2019intelligence artificielle (IA) s\u2019impose progressivement dans les entreprises, qu\u2019il s\u2019agisse d\u2019outils d\u2019aide \u00e0 la d\u00e9cision, d\u2019automatisation de t\u00e2ches, de gestion des ressources humaines ou d\u2019analyse de donn\u00e9es.Ces \u00e9volutions technologiques soul\u00e8vent des enjeux majeurs pour les salari\u00e9s, et placent le Comit\u00e9 Social et \u00c9conomique (CSE) au c\u0153ur du dialogue social. L\u2019IA : un changement organisationnel \u00e0&#8230;<\/p>\n\t<\/div><!-- .entry-summary -->\n\t<footer class=\"entry-footer\">\n\t\t\t<div class=\"entry-actions\">\n\t\t\t<p class=\"more-link-wrap\">\n\t\t\t\t<a href=\"https:\/\/azimutexpertises.fr\/index.php\/2025\/12\/28\/la-consultation-du-cse-et-lia\/\" class=\"post-more-link\">\n\t\t\t\t\tLire la suite<span class=\"screen-reader-text\"> La consultation du CSE et l&rsquo;IA<\/span><span class=\"kadence-svg-iconset svg-baseline\"><svg aria-hidden=\"true\" class=\"kadence-svg-icon kadence-arrow-right-alt-svg\" fill=\"currentColor\" version=\"1.1\" xmlns=\"http:\/\/www.w3.org\/2000\/svg\" width=\"27\" height=\"28\" viewBox=\"0 0 27 28\"><title>Continuer<\/title><path d=\"M27 13.953c0 0.141-0.063 0.281-0.156 0.375l-6 5.531c-0.156 0.141-0.359 0.172-0.547 0.094-0.172-0.078-0.297-0.25-0.297-0.453v-3.5h-19.5c-0.281 0-0.5-0.219-0.5-0.5v-3c0-0.281 0.219-0.5 0.5-0.5h19.5v-3.5c0-0.203 0.109-0.375 0.297-0.453s0.391-0.047 0.547 0.078l6 5.469c0.094 0.094 0.156 0.219 0.156 0.359v0z\"><\/path>\n\t\t\t<\/svg><\/span>\t\t\t\t<\/a>\n\t\t\t<\/p>\n\t\t<\/div><!-- .entry-actions -->\n\t\t<\/footer><!-- .entry-footer -->\t\t<\/div>\n\t<\/article>\n<\/li>\n<\/ul><\/div><\/div>\n\n\n<style>.kadence-column12_ee50f2-32 > .kt-inside-inner-col{display:flex;}.kadence-column12_ee50f2-32 > .kt-inside-inner-col{padding-top:var(--global-kb-spacing-sm, 1.5rem);padding-bottom:var(--global-kb-spacing-sm, 1.5rem);}.kadence-column12_ee50f2-32 > .kt-inside-inner-col,.kadence-column12_ee50f2-32 > .kt-inside-inner-col:before{border-top-left-radius:0px;border-top-right-radius:0px;border-bottom-right-radius:0px;border-bottom-left-radius:0px;}.kadence-column12_ee50f2-32 > .kt-inside-inner-col{column-gap:var(--global-kb-gap-sm, 1rem);}.kadence-column12_ee50f2-32 > .kt-inside-inner-col{flex-direction:column;align-items:flex-start;}.kadence-column12_ee50f2-32 > .kt-inside-inner-col > .kb-image-is-ratio-size{align-self:stretch;}.kadence-column12_ee50f2-32 > .kt-inside-inner-col > .wp-block-kadence-advancedgallery{align-self:stretch;}.kadence-column12_ee50f2-32 > .kt-inside-inner-col > .aligncenter{width:100%;}.kadence-column12_ee50f2-32 > .kt-inside-inner-col:before{opacity:0.3;}.kadence-column12_ee50f2-32{text-align:center;}.kadence-column12_ee50f2-32{position:relative;}@media all and (max-width: 1024px){.kadence-column12_ee50f2-32 > .kt-inside-inner-col{flex-direction:column;justify-content:center;align-items:flex-start;}}@media all and (max-width: 767px){.kadence-column12_ee50f2-32 > .kt-inside-inner-col{flex-direction:column;justify-content:center;align-items:flex-start;}}<\/style>\n<div class=\"wp-block-kadence-column kadence-column12_ee50f2-32\"><div class=\"kt-inside-inner-col\"><style>.kb-row-layout-id12_88e268-99 > .kt-row-column-wrap{align-content:start;}:where(.kb-row-layout-id12_88e268-99 > .kt-row-column-wrap) > .wp-block-kadence-column{justify-content:start;}.kb-row-layout-id12_88e268-99 > .kt-row-column-wrap{column-gap:var(--global-kb-gap-sm, 1rem);row-gap:var(--global-kb-gap-md, 2rem);padding-top:var(--global-kb-spacing-sm, 1.5rem);padding-bottom:var(--global-kb-spacing-sm, 1.5rem);grid-template-columns:minmax(0, 2fr) minmax(0, 1fr);}.kb-row-layout-id12_88e268-99 > .kt-row-layout-overlay{opacity:0.30;}@media all and (max-width: 1024px){.kb-row-layout-id12_88e268-99 > .kt-row-column-wrap{grid-template-columns:minmax(0, 2fr) minmax(0, 1fr);}}@media all and (max-width: 767px){.kb-row-layout-id12_88e268-99 > .kt-row-column-wrap{grid-template-columns:minmax(0, 1fr);}}<\/style><div class=\"kb-row-layout-wrap kb-row-layout-id12_88e268-99 alignnone wp-block-kadence-rowlayout\"><div class=\"kt-row-column-wrap kt-has-2-columns kt-row-layout-left-golden kt-tab-layout-inherit kt-mobile-layout-row kt-row-valign-top\">\n<style>.kadence-column12_6c3337-ab > .kt-inside-inner-col,.kadence-column12_6c3337-ab > .kt-inside-inner-col:before{border-top-left-radius:0px;border-top-right-radius:0px;border-bottom-right-radius:0px;border-bottom-left-radius:0px;}.kadence-column12_6c3337-ab > .kt-inside-inner-col{column-gap:var(--global-kb-gap-sm, 1rem);}.kadence-column12_6c3337-ab > .kt-inside-inner-col{flex-direction:column;}.kadence-column12_6c3337-ab > .kt-inside-inner-col > .aligncenter{width:100%;}.kadence-column12_6c3337-ab > .kt-inside-inner-col:before{opacity:0.3;}.kadence-column12_6c3337-ab{position:relative;}@media all and (max-width: 1024px){.kadence-column12_6c3337-ab > .kt-inside-inner-col{flex-direction:column;justify-content:center;}}@media all and (max-width: 767px){.kadence-column12_6c3337-ab > .kt-inside-inner-col{flex-direction:column;justify-content:center;}}<\/style>\n<div class=\"wp-block-kadence-column kadence-column12_6c3337-ab\"><div class=\"kt-inside-inner-col\">\n<h2 class=\"wp-block-heading has-border-color has-theme-palette-1-border-color\" style=\"border-style:solid;border-top-left-radius:0px;border-top-right-radius:0px;border-bottom-left-radius:0px;border-bottom-right-radius:0px\">Qui sommes-nous ?<\/h2>\n<\/div><\/div>\n\n\n<style>.kadence-column12_fc9db3-f2 > .kt-inside-inner-col,.kadence-column12_fc9db3-f2 > .kt-inside-inner-col:before{border-top-left-radius:0px;border-top-right-radius:0px;border-bottom-right-radius:0px;border-bottom-left-radius:0px;}.kadence-column12_fc9db3-f2 > .kt-inside-inner-col{column-gap:var(--global-kb-gap-sm, 1rem);}.kadence-column12_fc9db3-f2 > .kt-inside-inner-col{flex-direction:column;}.kadence-column12_fc9db3-f2 > .kt-inside-inner-col > .aligncenter{width:100%;}.kadence-column12_fc9db3-f2 > .kt-inside-inner-col:before{opacity:0.3;}.kadence-column12_fc9db3-f2{position:relative;}@media all and (max-width: 1024px){.kadence-column12_fc9db3-f2 > .kt-inside-inner-col{flex-direction:column;justify-content:center;}}@media all and (max-width: 767px){.kadence-column12_fc9db3-f2 > .kt-inside-inner-col{flex-direction:column;justify-content:center;}}<\/style>\n<div class=\"wp-block-kadence-column kadence-column12_fc9db3-f2\"><div class=\"kt-inside-inner-col\">\n<div class=\"wp-block-buttons is-layout-flex wp-block-buttons-is-layout-flex\">\n<div class=\"wp-block-button has-custom-width wp-block-button__width-100\"><a class=\"wp-block-button__link wp-element-button\">T\u00e9lechargez notre flyer<\/a><\/div>\n<\/div>\n<\/div><\/div>\n\n<\/div><\/div>\n\n\n<p class=\"has-text-align-left\" style=\"padding-top:var(--wp--preset--spacing--20);padding-bottom:var(--wp--preset--spacing--20);line-height:1.2\">AZIMUT accompagne les repr\u00e9sentants du personnel dans les diff\u00e9rents domaines : Sant\u00e9 et S\u00e9curit\u00e9 \/ CSSCT \/ RPS, Expertises \/ Finance \/ Social \/ Restructuration, Formation \/ Economique \/ CSSCT \/ Coaching.<\/p>\n\n\n\n<p class=\"has-text-align-left\" style=\"padding-top:var(--wp--preset--spacing--20);padding-bottom:var(--wp--preset--spacing--20);line-height:1.2\">A chacune de vos probl\u00e9matiques, interrogations, nous pouvons vous apporter une r\u00e9ponse adapt\u00e9e.<\/p>\n\n\n\n<p class=\"has-text-align-left\" style=\"padding-top:var(--wp--preset--spacing--20);padding-bottom:var(--wp--preset--spacing--20);line-height:1.2\">Azimut IRP ceux sont des intervenants et experts de plus de 20 ans d&rsquo;exp\u00e9rience, ind\u00e9pendants et p\u00e9dagogues.<\/p>\n\n\n\n<p class=\"has-text-align-left\" style=\"padding-top:var(--wp--preset--spacing--20);padding-bottom:var(--wp--preset--spacing--20);line-height:1.2\">Azimut IRP poss\u00e8de 3 structures pour r\u00e9pondre aux exigences des agr\u00e9ments et capacit\u00e9s demand\u00e9s : Azimut Expertises (missions Expert Comptable), Azimut Sante&amp;Pr\u00e9vention (missions CSSCT, RPS,&#8230;), AZIMUT Conseil et formations (formation \u00e9co, syndical, CSSCT,&#8230;).<\/p>\n\n\n\n<p class=\"has-text-align-left\" style=\"padding-top:var(--wp--preset--spacing--20);padding-bottom:var(--wp--preset--spacing--20);line-height:1.2\">Nous intervenons dans les diff\u00e9rents domaines d&rsquo;activit\u00e9 : industrie, service, m\u00e9dico-social, sanitaire,&#8230; et quelque soit le type de structure : soci\u00e9t\u00e9, association, fondations, &#8230;<\/p>\n\n\n\n<p>N&rsquo;h\u00e9sitez pas \u00e0 nous contacter :<\/p>\n\n\n\n<ul class=\"wp-block-list\">\n<li class=\"has-theme-palette-13-color has-text-color has-link-color wp-elements-51f7b720574ed8aee65c66e00b866296\">Azimut Expertises : Marion ROCCA \/ Laurent Fefeu : 06 10 65 42 09<\/li>\n\n\n\n<li class=\"has-theme-palette-1-color has-text-color has-link-color wp-elements-7714d34ccaf4af18c6b492a9d86f6fad\">Azimut Sant\u00e9 et Pr\u00e9vention : Nouzha \/ Laurent Fefeu<\/li>\n\n\n\n<li class=\"has-theme-palette-5-color has-text-color has-link-color wp-elements-37b0206482a82727c279e1a6e5475bf7\">Azimut conseil et formation : David Larbre \/ Laurent F\u00e9feu<\/li>\n\n\n\n<li><\/li>\n<\/ul>\n<\/div><\/div>\n\n\n\n<p><\/p>\n","protected":false},"excerpt":{"rendered":"<p>Ca peut vous int\u00e9resser&#8230; Qui sommes-nous ? AZIMUT accompagne les repr\u00e9sentants du personnel dans les diff\u00e9rents domaines : Sant\u00e9 et S\u00e9curit\u00e9 \/ CSSCT \/ RPS, Expertises \/ Finance \/ Social \/ Restructuration, Formation \/ Economique \/ CSSCT \/ Coaching. A chacune de vos probl\u00e9matiques, interrogations, nous pouvons vous apporter une r\u00e9ponse adapt\u00e9e. Azimut IRP ceux&#8230;<\/p>\n","protected":false},"author":1,"featured_media":0,"parent":0,"menu_order":0,"comment_status":"closed","ping_status":"closed","template":"","meta":{"_kad_post_transparent":"","_kad_post_title":"hide","_kad_post_layout":"","_kad_post_sidebar_id":"","_kad_post_content_style":"","_kad_post_vertical_padding":"","_kad_post_feature":"","_kad_post_feature_position":"","_kad_post_header":false,"_kad_post_footer":false,"_kad_post_classname":"","footnotes":""},"class_list":["post-12","page","type-page","status-publish","hentry"],"_links":{"self":[{"href":"https:\/\/azimutexpertises.fr\/index.php\/wp-json\/wp\/v2\/pages\/12","targetHints":{"allow":["GET"]}}],"collection":[{"href":"https:\/\/azimutexpertises.fr\/index.php\/wp-json\/wp\/v2\/pages"}],"about":[{"href":"https:\/\/azimutexpertises.fr\/index.php\/wp-json\/wp\/v2\/types\/page"}],"author":[{"embeddable":true,"href":"https:\/\/azimutexpertises.fr\/index.php\/wp-json\/wp\/v2\/users\/1"}],"replies":[{"embeddable":true,"href":"https:\/\/azimutexpertises.fr\/index.php\/wp-json\/wp\/v2\/comments?post=12"}],"version-history":[{"count":11,"href":"https:\/\/azimutexpertises.fr\/index.php\/wp-json\/wp\/v2\/pages\/12\/revisions"}],"predecessor-version":[{"id":103,"href":"https:\/\/azimutexpertises.fr\/index.php\/wp-json\/wp\/v2\/pages\/12\/revisions\/103"}],"wp:attachment":[{"href":"https:\/\/azimutexpertises.fr\/index.php\/wp-json\/wp\/v2\/media?parent=12"}],"curies":[{"name":"wp","href":"https:\/\/api.w.org\/{rel}","templated":true}]}}